{"id":69512,"date":"2022-02-10T20:12:17","date_gmt":"2022-02-10T19:12:17","guid":{"rendered":"https:\/\/www.vuk-crvenka.com\/?page_id=69512"},"modified":"2025-09-22T21:55:08","modified_gmt":"2025-09-22T19:55:08","slug":"iskolai-jovokep","status":"publish","type":"page","link":"https:\/\/www.vuk-crvenka.com\/?page_id=69512&lang=hu","title":{"rendered":"Iskolai j\u00f6v\u0151k\u00e9p"},"content":{"rendered":"","protected":false},"excerpt":{"rendered":"","protected":false},"author":1984,"featured_media":0,"parent":0,"menu_order":0,"comment_status":"closed","ping_status":"closed","template":"","meta":{"footnotes":""},"class_list":["post-69512","page","type-page","status-publish","hentry"],"_links":{"self":[{"href":"https:\/\/www.vuk-crvenka.com\/index.php?rest_route=\/wp\/v2\/pages\/69512","targetHints":{"allow":["GET"]}}],"collection":[{"href":"https:\/\/www.vuk-crvenka.com\/index.php?rest_route=\/wp\/v2\/pages"}],"about":[{"href":"https:\/\/www.vuk-crvenka.com\/index.php?rest_route=\/wp\/v2\/types\/page"}],"author":[{"embeddable":true,"href":"https:\/\/www.vuk-crvenka.com\/index.php?rest_route=\/wp\/v2\/users\/1984"}],"replies":[{"embeddable":true,"href":"https:\/\/www.vuk-crvenka.com\/index.php?rest_route=%2Fwp%2Fv2%2Fcomments&post=69512"}],"version-history":[{"count":1,"href":"https:\/\/www.vuk-crvenka.com\/index.php?rest_route=\/wp\/v2\/pages\/69512\/revisions"}],"predecessor-version":[{"id":69513,"href":"https:\/\/www.vuk-crvenka.com\/index.php?rest_route=\/wp\/v2\/pages\/69512\/revisions\/69513"}],"wp:attachment":[{"href":"https:\/\/www.vuk-crvenka.com\/index.php?rest_route=%2Fwp%2Fv2%2Fmedia&parent=69512"}],"curies":[{"name":"wp","href":"https:\/\/api.w.org\/{rel}","templated":true}]}}